{"id":49,"date":"2021-05-28T11:44:36","date_gmt":"2021-05-28T11:44:36","guid":{"rendered":"https:\/\/www.athenastudio.co\/themes\/naxos-wp\/?page_id=49"},"modified":"2022-08-19T14:37:26","modified_gmt":"2022-08-19T14:37:26","slug":"contacto","status":"publish","type":"page","link":"https:\/\/ibacrea.com\/en_us\/contacto\/","title":{"rendered":"Contacto"},"content":{"rendered":"<section id=\"services\" class=\"vc_section vc_section-o-content-top vc_section-flex\"><div class=\"container\"><div class=\"vc_row wpb_row vc_row-fluid\"><div class=\"wpb_column vc_column_container vc_col-sm-4\"><div class=\"vc_column-inner\"><div class=\"wpb_wrapper\"><div class=\"service-single service-style-2 res-margin wow fadeInUp\" data-wow-offset=\"10\" data-wow-duration=\"1s\" data-wow-delay=\"0s\">\r\n\t\t\t\t\t<div class=\"icon icon-basic-mail\">\r\n\t\t\t\t\t\t\r\n\t\t\t\t\t<\/div>\r\n\t\t\t\t\t<h5>Correo electr\u00f3nico<\/h5>\r\n\t\t\t\t\t<p>Escribenos y contestaremos lo antes posible.<br \/>\n<a href=\"mailto:contacto@ibacrea.com\">contacto@ibacrea.com<\/a><\/p>\r\n\t\t\t\t<\/div><\/div><\/div><\/div><div class=\"wpb_column vc_column_container vc_col-sm-4\"><div class=\"vc_column-inner\"><div class=\"wpb_wrapper\"><div class=\"service-single service-style-2 res-margin wow fadeInUp\" data-wow-offset=\"10\" data-wow-duration=\"1s\" data-wow-delay=\"0.3s\">\r\n\t\t\t\t\t<div class=\"icon icon-basic-geolocalize-05\">\r\n\t\t\t\t\t\t\r\n\t\t\t\t\t<\/div>\r\n\t\t\t\t\t<h5>Direcci\u00f3n<\/h5>\r\n\t\t\t\t\t<p>Manzana D casa 21 Hacienda Piedra Pintada,<br \/>\nIbagu\u00e9 &#8211; Tolima, Colombia.<\/p>\r\n\t\t\t\t<\/div><\/div><\/div><\/div><div class=\"wpb_column vc_column_container vc_col-sm-4\"><div class=\"vc_column-inner\"><div class=\"wpb_wrapper\"><div class=\"service-single service-style-2 res-margin wow fadeInUp\" data-wow-offset=\"10\" data-wow-duration=\"1s\" data-wow-delay=\"0.6s\">\r\n\t\t\t\t\t<div class=\"icon icon-basic-headset\">\r\n\t\t\t\t\t\t\r\n\t\t\t\t\t<\/div>\r\n\t\t\t\t\t<h5>24\/7 Soporte<\/h5>\r\n\t\t\t\t\t<p>Nuestra \u00e1rea de soporte est\u00e1 lista para escucharte.<\/p>\r\n\t\t\t\t<\/div><\/div><\/div><\/div><\/div><\/div><\/section><section id=\"clients\" class=\"vc_section section-box bg-grey\"><div class=\"container\"><div class=\"vc_row wpb_row vc_row-fluid\"><div class=\"wpb_column vc_column_container vc_col-sm-12\"><div class=\"vc_column-inner\"><div class=\"wpb_wrapper\"><div class=\"row\">\r\n\t\t\t\t\t<div \r\n\t\t\t\t\t\tclass=\"clients-slider owl-carousel owl-theme\" \r\n\t\t\t\t\t\tdata-dots=\"true\"\r\n\t\t\t\t\t\tdata-count-desktop=\"5\"\r\n\t\t\t\t\t\tdata-count-tablet=\"3\"\r\n\t\t\t\t\t\tdata-count-mobile=\"2\"\r\n\t\t\t\t\t><div class=\"client\"><a href=\"#\" target=\"_blank\"><img decoding=\"async\" src=\"https:\/\/ibacrea.com\/wp-content\/uploads\/2022\/08\/superior.png\" alt=\"Seguridad Superior\"><\/a><\/div><div class=\"client\"><a href=\"#\" target=\"_blank\"><img decoding=\"async\" src=\"https:\/\/ibacrea.com\/wp-content\/uploads\/2022\/08\/sia-salud.png\" alt=\"Sia Salud\"><\/a><\/div><div class=\"client\"><a href=\"#\" target=\"_blank\"><img decoding=\"async\" src=\"https:\/\/ibacrea.com\/wp-content\/uploads\/2022\/08\/julio-garavito.png\" alt=\"Escuela Colombiana de Ingenier\u00eda Julio Garavito\"><\/a><\/div><div class=\"client\"><a href=\"#\" target=\"_blank\"><img decoding=\"async\" src=\"https:\/\/ibacrea.com\/wp-content\/uploads\/2022\/08\/maxsell-2.png\" alt=\"Maxsell Global\"><\/a><\/div><div class=\"client\"><a href=\"#\" target=\"_blank\"><img decoding=\"async\" src=\"https:\/\/ibacrea.com\/wp-content\/uploads\/2022\/08\/ingeniamos.png\" alt=\"Ingeniamos\"><\/a><\/div><div class=\"client\"><a href=\"#\" target=\"_blank\"><img decoding=\"async\" src=\"https:\/\/ibacrea.com\/wp-content\/uploads\/2022\/08\/cyma.png\" alt=\"Cyma\"><\/a><\/div><div class=\"client\"><a href=\"#\" target=\"_blank\"><img decoding=\"async\" src=\"https:\/\/ibacrea.com\/wp-content\/uploads\/2022\/08\/fundacion-grupo-social.png\" alt=\"Fundaci\u00f3n Grupo Social\"><\/a><\/div><div class=\"client\"><a href=\"#\" target=\"_blank\"><img decoding=\"async\" src=\"https:\/\/ibacrea.com\/wp-content\/uploads\/2022\/08\/farmalogica.png\" alt=\"Farmalogica\"><\/a><\/div><div class=\"client\"><a href=\"#\" target=\"_blank\"><img decoding=\"async\" src=\"https:\/\/ibacrea.com\/wp-content\/uploads\/2022\/08\/cmo.png\" alt=\"CMO\"><\/a><\/div><div class=\"client\"><a href=\"#\" target=\"_blank\"><img decoding=\"async\" src=\"https:\/\/ibacrea.com\/wp-content\/uploads\/2022\/08\/unibague.png\" alt=\"Universidad de Ibagu\u00e9\"><\/a><\/div><div class=\"client\"><a href=\"#\" target=\"_blank\"><img decoding=\"async\" src=\"https:\/\/ibacrea.com\/wp-content\/uploads\/2022\/08\/enervida.png\" alt=\"Enervida\"><\/a><\/div><div class=\"client\"><a href=\"#\" target=\"_blank\"><img decoding=\"async\" src=\"https:\/\/ibacrea.com\/wp-content\/uploads\/2022\/08\/mafessa.png\" alt=\"Mafessa\"><\/a><\/div><div class=\"client\"><a href=\"#\" target=\"_blank\"><img decoding=\"async\" src=\"https:\/\/ibacrea.com\/wp-content\/uploads\/2022\/08\/paramo-savers-logo_5.jpg\" alt=\"P\u00e1ramo Savers\"><\/a><\/div><div class=\"client\"><a href=\"#\" target=\"_blank\"><img decoding=\"async\" src=\"https:\/\/ibacrea.com\/wp-content\/uploads\/2022\/08\/rosa-zaron.png\" alt=\"La Rosa de zaron\"><\/a><\/div><\/div>\r\n\t\t\t\t<\/div><\/div><\/div><\/div><\/div><\/div><\/section><section id=\"contact\" class=\"vc_section\"><div class=\"container\"><div class=\"vc_row wpb_row vc_row-fluid\"><div class=\"wpb_column vc_column_container vc_col-sm-6\"><div class=\"vc_column-inner\"><div class=\"wpb_wrapper\"><div class=\"section-title text-center text-lg-start \"><h3>\u00bfTienes alg\u00fan proyecto?<\/h3><p><\/p>\n<div class=\"wpb_text_column wpb_content_element vc_custom_1638312682372\" style=\"text-align: left;\">\n<div class=\"wpb_wrapper\">\n<p>Contacta a nuestro equipo para que puedas exponer tus necesidades y perm\u00edtenos ayudarte con el dise\u00f1o, desarrollo e implementaci\u00f3n de la soluci\u00f3n que tu empresa necesita.<\/p>\n<\/div>\n<\/div>\n<p><\/p><\/div><div class=\"contact-info res-margin\" ><h5><span class=\"icon icon-basic-smartphone\"><\/span>T\u00e9lefono<\/h5>\r\n                <p><a href=\"tel:573125155701\">+57 3125155701<\/a><\/p><h5><span class=\"icon icon-basic-clock\"><\/span>Horario de atenci\u00f3n<\/h5>\r\n                <p>08:00AM to 06:00PM &#8211; de lunes a viernes.<br \/>\n08:00AM to 12:00AM &#8211; S\u00e1bados<\/p><\/div><\/div><\/div><\/div><div class=\"wpb_column vc_column_container vc_col-sm-6\"><div class=\"vc_column-inner\"><div class=\"wpb_wrapper\">\n<div class=\"wpcf7 no-js\" id=\"wpcf7-f131-o1\" lang=\"en-US\" dir=\"ltr\">\n<div class=\"screen-reader-response\"><p role=\"status\" aria-live=\"polite\" aria-atomic=\"true\"><\/p> <ul><\/ul><\/div>\n<form action=\"\/en_us\/wp-json\/wp\/v2\/pages\/49#wpcf7-f131-o1\" method=\"post\" class=\"wpcf7-form init\" aria-label=\"Contact form\" novalidate=\"novalidate\" data-status=\"init\">\n<div style=\"display: none;\">\n<input type=\"hidden\" name=\"_wpcf7\" value=\"131\" \/>\n<input type=\"hidden\" name=\"_wpcf7_version\" value=\"5.9.8\" \/>\n<input type=\"hidden\" name=\"_wpcf7_locale\" value=\"en_US\" \/>\n<input type=\"hidden\" name=\"_wpcf7_unit_tag\" value=\"wpcf7-f131-o1\" \/>\n<input type=\"hidden\" name=\"_wpcf7_container_post\" value=\"0\" \/>\n<input type=\"hidden\" name=\"_wpcf7_posted_data_hash\" value=\"\" \/>\n<\/div>\n<div class=\"row\">\n\t<div class=\"col-12 col-lg-6\">\n\t\t<div class=\"form-group mt-2 mb-3\">\n\t\t\t<p><span class=\"wpcf7-form-control-wrap\" data-name=\"your-name\"><input size=\"40\" maxlength=\"400\" class=\"wpcf7-form-control wpcf7-text wpcf7-validates-as-required form-control\" aria-required=\"true\" aria-invalid=\"false\" placeholder=\"Nombre\" value=\"\" type=\"text\" name=\"your-name\" \/><\/span>\n\t\t\t<\/p>\n\t\t<\/div>\n\t<\/div>\n\t<div class=\"col-12 col-lg-6\">\n\t\t<div class=\"form-group mt-2 mb-3\">\n\t\t\t<p><span class=\"wpcf7-form-control-wrap\" data-name=\"your-email\"><input size=\"40\" maxlength=\"400\" class=\"wpcf7-form-control wpcf7-email wpcf7-validates-as-required wpcf7-text wpcf7-validates-as-email form-control\" aria-required=\"true\" aria-invalid=\"false\" placeholder=\"Correo\" value=\"\" type=\"email\" name=\"your-email\" \/><\/span>\n\t\t\t<\/p>\n\t\t<\/div>\n\t<\/div>\n<\/div>\n<div class=\"row\">\n\t<div class=\"col-12 col-lg-12\">\n\t\t<div class=\"form-group mt-2 mb-3\">\n\t\t\t<p><span class=\"wpcf7-form-control-wrap\" data-name=\"your-subject\"><input size=\"40\" maxlength=\"400\" class=\"wpcf7-form-control wpcf7-text wpcf7-validates-as-required form-control\" aria-required=\"true\" aria-invalid=\"false\" placeholder=\"Asunto\" value=\"\" type=\"text\" name=\"your-subject\" \/><\/span>\n\t\t\t<\/p>\n\t\t<\/div>\n\t<\/div>\n<\/div>\n<div class=\"row\">\n\t<div class=\"col-12 col-lg-12\">\n\t\t<div class=\"form-group mt-2 mb-3\">\n\t\t\t<p><span class=\"wpcf7-form-control-wrap\" data-name=\"your-message\"><textarea cols=\"40\" rows=\"4\" maxlength=\"2000\" class=\"wpcf7-form-control wpcf7-textarea form-control\" aria-invalid=\"false\" placeholder=\"Mensaje\" name=\"your-message\"><\/textarea><\/span>\n\t\t\t<\/p>\n\t\t<\/div>\n\t<\/div>\n<\/div>\n<div class=\"row\">\n\t<div class=\"col-12 col-lg-12 mt-2\">\n\t\t<p><input class=\"wpcf7-form-control wpcf7-submit has-spinner btn\" type=\"submit\" value=\"Enviar Mensaje\" \/>\n\t\t<\/p>\n\t<\/div>\n<\/div><div class=\"wpcf7-response-output\" aria-hidden=\"true\"><\/div>\n<\/form>\n<\/div>\n<\/div><\/div><\/div><\/div><\/div><\/section><section id=\"map\" class=\"vc_section pt-0 pb-0\"><div class=\"container\"><div class=\"vc_row wpb_row vc_row-fluid\"><div class=\"wpb_column vc_column_container vc_col-sm-12\"><div class=\"vc_column-inner\"><div class=\"wpb_wrapper\">\n\t<div class=\"wpb_raw_code wpb_content_element wpb_raw_html\" >\n\t\t<div class=\"wpb_wrapper\">\n\t\t\t<iframe src=\"https:\/\/www.google.com\/maps\/embed?pb=!1m18!1m12!1m3!1d1367.9342821609532!2d-75.20542112824957!3d4.433903444104544!2m3!1f0!2f0!3f0!3m2!1i1024!2i768!4f13.1!3m3!1m2!1s0x8e38c4eb0eea4ef3%3A0xec68b381d9c13592!2sIBACREA%20-%20Desarrollo%20m%C3%B3vil%20y%20web!5e0!3m2!1ses-419!2sco!4v1660863189719!5m2!1ses-419!2sco\" width=\"1200\" height=\"600\" style=\"border:0;\" allowfullscreen=\"\" loading=\"lazy\" referrerpolicy=\"no-referrer-when-downgrade\"><\/iframe>\n\t\t<\/div>\n\t<\/div>\n<\/div><\/div><\/div><\/div><\/div><\/section>\n","protected":false},"excerpt":{"rendered":"Correo electr\u00f3nico Escribenos y contestaremos lo antes posible. contacto@ibacrea.com Direcci\u00f3n Manzana D casa 21 Hacienda Piedra Pintada, Ibagu\u00e9 - Tolima, Colombia. 24\/7 Soporte Nuestra \u00e1rea de soporte est\u00e1 lista para escucharte. \u00bfTienes alg\u00fan proyecto? Contacta a nuestro equipo para que puedas exponer tus necesidades y perm\u00edtenos ayudarte con el dise\u00f1o, desarrollo e implementaci\u00f3n de la [...]","protected":false},"author":1,"featured_media":435,"parent":0,"menu_order":0,"comment_status":"closed","ping_status":"closed","template":"","meta":{"content-type":"","_vp_format_video_url":"","_vp_image_focal_point":[],"footnotes":""},"class_list":["post-49","page","type-page","status-publish","has-post-thumbnail","hentry"],"yoast_head":"<!-- This site is optimized with the Yoast SEO plugin v20.11 - https:\/\/yoast.com\/wordpress\/plugins\/seo\/ -->\n<title>Contacto - IBACREA<\/title>\n<meta name=\"robots\" content=\"index, follow, max-snippet:-1, max-image-preview:large, max-video-preview:-1\" \/>\n<link rel=\"canonical\" href=\"https:\/\/ibacrea.com\/en_us\/contacto\/\" \/>\n<meta property=\"og:locale\" content=\"en_US\" \/>\n<meta property=\"og:type\" content=\"article\" \/>\n<meta property=\"og:title\" content=\"Contacto - IBACREA\" \/>\n<meta property=\"og:url\" content=\"https:\/\/ibacrea.com\/en_us\/contacto\/\" \/>\n<meta property=\"og:site_name\" content=\"IBACREA\" \/>\n<meta property=\"article:publisher\" content=\"https:\/\/www.facebook.com\/ibacrea\/\" \/>\n<meta property=\"article:modified_time\" content=\"2022-08-19T14:37:26+00:00\" \/>\n<meta property=\"og:image\" content=\"https:\/\/ibacrea.com\/wp-content\/uploads\/2022\/08\/ibacrea-marca-de-agua-foto-grupal-1024x362.png\" \/>\n\t<meta property=\"og:image:width\" content=\"1024\" \/>\n\t<meta property=\"og:image:height\" content=\"362\" \/>\n\t<meta property=\"og:image:type\" content=\"image\/png\" \/>\n<meta name=\"twitter:card\" content=\"summary_large_image\" \/>\n<meta name=\"twitter:label1\" content=\"Est. reading time\" \/>\n\t<meta name=\"twitter:data1\" content=\"1 minute\" \/>\n<script type=\"application\/ld+json\" class=\"yoast-schema-graph\">{\"@context\":\"https:\/\/schema.org\",\"@graph\":[{\"@type\":\"WebPage\",\"@id\":\"https:\/\/ibacrea.com\/contacto\/\",\"url\":\"https:\/\/ibacrea.com\/contacto\/\",\"name\":\"Contacto - IBACREA\",\"isPartOf\":{\"@id\":\"https:\/\/ibacrea.com\/es_es\/#website\"},\"datePublished\":\"2021-05-28T11:44:36+00:00\",\"dateModified\":\"2022-08-19T14:37:26+00:00\",\"breadcrumb\":{\"@id\":\"https:\/\/ibacrea.com\/contacto\/#breadcrumb\"},\"inLanguage\":\"en-US\",\"potentialAction\":[{\"@type\":\"ReadAction\",\"target\":[\"https:\/\/ibacrea.com\/contacto\/\"]}]},{\"@type\":\"BreadcrumbList\",\"@id\":\"https:\/\/ibacrea.com\/contacto\/#breadcrumb\",\"itemListElement\":[{\"@type\":\"ListItem\",\"position\":1,\"name\":\"Inicio\",\"item\":\"https:\/\/ibacrea.com\/\"},{\"@type\":\"ListItem\",\"position\":2,\"name\":\"Contacto\"}]},{\"@type\":\"WebSite\",\"@id\":\"https:\/\/ibacrea.com\/es_es\/#website\",\"url\":\"https:\/\/ibacrea.com\/es_es\/\",\"name\":\"IBACREA\",\"description\":\"EMPRESA DE DESARROLLO DE SOFTWARE\",\"publisher\":{\"@id\":\"https:\/\/ibacrea.com\/es_es\/#organization\"},\"potentialAction\":[{\"@type\":\"SearchAction\",\"target\":{\"@type\":\"EntryPoint\",\"urlTemplate\":\"https:\/\/ibacrea.com\/es_es\/?s={search_term_string}\"},\"query-input\":\"required name=search_term_string\"}],\"inLanguage\":\"en-US\"},{\"@type\":\"Organization\",\"@id\":\"https:\/\/ibacrea.com\/es_es\/#organization\",\"name\":\"IBACREA\",\"url\":\"https:\/\/ibacrea.com\/es_es\/\",\"logo\":{\"@type\":\"ImageObject\",\"inLanguage\":\"en-US\",\"@id\":\"https:\/\/ibacrea.com\/es_es\/#\/schema\/logo\/image\/\",\"url\":\"https:\/\/web.ibacrea.com\/wp-content\/uploads\/2022\/07\/Logo-ibacrea-color.png\",\"contentUrl\":\"https:\/\/web.ibacrea.com\/wp-content\/uploads\/2022\/07\/Logo-ibacrea-color.png\",\"width\":833,\"height\":386,\"caption\":\"IBACREA\"},\"image\":{\"@id\":\"https:\/\/ibacrea.com\/es_es\/#\/schema\/logo\/image\/\"},\"sameAs\":[\"https:\/\/www.facebook.com\/ibacrea\/\",\"https:\/\/www.instagram.com\/ibacreasas\/\"]}]}<\/script>\n<!-- \/ Yoast SEO plugin. -->","yoast_head_json":{"title":"Contacto - IBACREA","robots":{"index":"index","follow":"follow","max-snippet":"max-snippet:-1","max-image-preview":"max-image-preview:large","max-video-preview":"max-video-preview:-1"},"canonical":"https:\/\/ibacrea.com\/en_us\/contacto\/","og_locale":"en_US","og_type":"article","og_title":"Contacto - IBACREA","og_url":"https:\/\/ibacrea.com\/en_us\/contacto\/","og_site_name":"IBACREA","article_publisher":"https:\/\/www.facebook.com\/ibacrea\/","article_modified_time":"2022-08-19T14:37:26+00:00","og_image":[{"width":1024,"height":362,"url":"https:\/\/ibacrea.com\/wp-content\/uploads\/2022\/08\/ibacrea-marca-de-agua-foto-grupal-1024x362.png","type":"image\/png"}],"twitter_card":"summary_large_image","twitter_misc":{"Est. reading time":"1 minute"},"schema":{"@context":"https:\/\/schema.org","@graph":[{"@type":"WebPage","@id":"https:\/\/ibacrea.com\/contacto\/","url":"https:\/\/ibacrea.com\/contacto\/","name":"Contacto - IBACREA","isPartOf":{"@id":"https:\/\/ibacrea.com\/es_es\/#website"},"datePublished":"2021-05-28T11:44:36+00:00","dateModified":"2022-08-19T14:37:26+00:00","breadcrumb":{"@id":"https:\/\/ibacrea.com\/contacto\/#breadcrumb"},"inLanguage":"en-US","potentialAction":[{"@type":"ReadAction","target":["https:\/\/ibacrea.com\/contacto\/"]}]},{"@type":"BreadcrumbList","@id":"https:\/\/ibacrea.com\/contacto\/#breadcrumb","itemListElement":[{"@type":"ListItem","position":1,"name":"Inicio","item":"https:\/\/ibacrea.com\/"},{"@type":"ListItem","position":2,"name":"Contacto"}]},{"@type":"WebSite","@id":"https:\/\/ibacrea.com\/es_es\/#website","url":"https:\/\/ibacrea.com\/es_es\/","name":"IBACREA","description":"EMPRESA DE DESARROLLO DE SOFTWARE","publisher":{"@id":"https:\/\/ibacrea.com\/es_es\/#organization"},"potentialAction":[{"@type":"SearchAction","target":{"@type":"EntryPoint","urlTemplate":"https:\/\/ibacrea.com\/es_es\/?s={search_term_string}"},"query-input":"required name=search_term_string"}],"inLanguage":"en-US"},{"@type":"Organization","@id":"https:\/\/ibacrea.com\/es_es\/#organization","name":"IBACREA","url":"https:\/\/ibacrea.com\/es_es\/","logo":{"@type":"ImageObject","inLanguage":"en-US","@id":"https:\/\/ibacrea.com\/es_es\/#\/schema\/logo\/image\/","url":"https:\/\/web.ibacrea.com\/wp-content\/uploads\/2022\/07\/Logo-ibacrea-color.png","contentUrl":"https:\/\/web.ibacrea.com\/wp-content\/uploads\/2022\/07\/Logo-ibacrea-color.png","width":833,"height":386,"caption":"IBACREA"},"image":{"@id":"https:\/\/ibacrea.com\/es_es\/#\/schema\/logo\/image\/"},"sameAs":["https:\/\/www.facebook.com\/ibacrea\/","https:\/\/www.instagram.com\/ibacreasas\/"]}]}},"_links":{"self":[{"href":"https:\/\/ibacrea.com\/en_us\/wp-json\/wp\/v2\/pages\/49","targetHints":{"allow":["GET"]}}],"collection":[{"href":"https:\/\/ibacrea.com\/en_us\/wp-json\/wp\/v2\/pages"}],"about":[{"href":"https:\/\/ibacrea.com\/en_us\/wp-json\/wp\/v2\/types\/page"}],"author":[{"embeddable":true,"href":"https:\/\/ibacrea.com\/en_us\/wp-json\/wp\/v2\/users\/1"}],"replies":[{"embeddable":true,"href":"https:\/\/ibacrea.com\/en_us\/wp-json\/wp\/v2\/comments?post=49"}],"version-history":[{"count":16,"href":"https:\/\/ibacrea.com\/en_us\/wp-json\/wp\/v2\/pages\/49\/revisions"}],"predecessor-version":[{"id":483,"href":"https:\/\/ibacrea.com\/en_us\/wp-json\/wp\/v2\/pages\/49\/revisions\/483"}],"wp:featuredmedia":[{"embeddable":true,"href":"https:\/\/ibacrea.com\/en_us\/wp-json\/wp\/v2\/media\/435"}],"wp:attachment":[{"href":"https:\/\/ibacrea.com\/en_us\/wp-json\/wp\/v2\/media?parent=49"}],"curies":[{"name":"wp","href":"https:\/\/api.w.org\/{rel}","templated":true}]}}